{"id":51,"date":"2024-08-06T08:09:50","date_gmt":"2024-08-06T06:09:50","guid":{"rendered":"https:\/\/payet-import.fr\/?page_id=51"},"modified":"2026-02-24T14:37:14","modified_gmt":"2026-02-24T13:37:14","slug":"accueil","status":"publish","type":"page","link":"https:\/\/www.payet-industrie.re\/","title":{"rendered":"Accueil"},"content":{"rendered":"\t\t<div data-elementor-type=\"wp-page\" data-elementor-id=\"51\" class=\"elementor elementor-51\">\n\t\t\t\t<div class=\"elementor-element elementor-element-71f8c6c e-transform e-flex e-con-boxed e-con e-parent\" data-id=\"71f8c6c\" data-element_type=\"container\" data-e-type=\"container\" data-settings=\"{&quot;background_background&quot;:&quot;classic&quot;,&quot;animation&quot;:&quot;none&quot;,&quot;_transform_translateY_effect&quot;:{&quot;unit&quot;:&quot;px&quot;,&quot;size&quot;:-13,&quot;sizes&quot;:[]},&quot;_transform_translateX_effect&quot;:{&quot;unit&quot;:&quot;px&quot;,&quot;size&quot;:&quot;&quot;,&quot;sizes&quot;:[]},&quot;_transform_translateX_effect_tablet&quot;:{&quot;unit&quot;:&quot;px&quot;,&quot;size&quot;:&quot;&quot;,&quot;sizes&quot;:[]},&quot;_transform_translateX_effect_mobile&quot;:{&quot;unit&quot;:&quot;px&quot;,&quot;size&quot;:&quot;&quot;,&quot;sizes&quot;:[]},&quot;_transform_translateY_effect_tablet&quot;:{&quot;unit&quot;:&quot;px&quot;,&quot;size&quot;:&quot;&quot;,&quot;sizes&quot;:[]},&quot;_transform_translateY_effect_mobile&quot;:{&quot;unit&quot;:&quot;px&quot;,&quot;size&quot;:&quot;&quot;,&quot;sizes&quot;:[]}}\">\n\t\t\t\t\t<div class=\"e-con-inner\">\n\t\t\t\t<div class=\"elementor-element elementor-element-f259db0 elementor-widget elementor-widget-image\" data-id=\"f259db0\" data-element_type=\"widget\" data-e-type=\"widget\" data-widget_type=\"image.default\">\n\t\t\t\t<div class=\"elementor-widget-container\">\n\t\t\t\t\t\t\t\t\t\t\t\t\t\t\t<img fetchpriority=\"high\" decoding=\"async\" width=\"1366\" height=\"768\" src=\"https:\/\/www.payet-industrie.re\/wp-content\/uploads\/2026\/02\/Design-sans-titre.png\" class=\"attachment-full size-full wp-image-346\" alt=\"\" srcset=\"https:\/\/www.payet-industrie.re\/wp-content\/uploads\/2026\/02\/Design-sans-titre.png 1366w, https:\/\/www.payet-industrie.re\/wp-content\/uploads\/2026\/02\/Design-sans-titre-300x169.png 300w, https:\/\/www.payet-industrie.re\/wp-content\/uploads\/2026\/02\/Design-sans-titre-1024x576.png 1024w, https:\/\/www.payet-industrie.re\/wp-content\/uploads\/2026\/02\/Design-sans-titre-768x432.png 768w, https:\/\/www.payet-industrie.re\/wp-content\/uploads\/2026\/02\/Design-sans-titre-800x450.png 800w\" sizes=\"(max-width: 1366px) 100vw, 1366px\" \/>\t\t\t\t\t\t\t\t\t\t\t\t\t\t\t<\/div>\n\t\t\t\t<\/div>\n\t\t\t\t\t<\/div>\n\t\t\t\t<\/div>\n\t\t<div class=\"elementor-element elementor-element-ac82367 e-transform e-flex e-con-boxed e-con e-parent\" data-id=\"ac82367\" data-element_type=\"container\" data-e-type=\"container\" data-settings=\"{&quot;background_background&quot;:&quot;classic&quot;,&quot;_transform_translateX_effect&quot;:{&quot;unit&quot;:&quot;px&quot;,&quot;size&quot;:&quot;&quot;,&quot;sizes&quot;:[]},&quot;_transform_translateX_effect_tablet&quot;:{&quot;unit&quot;:&quot;px&quot;,&quot;size&quot;:&quot;&quot;,&quot;sizes&quot;:[]},&quot;_transform_translateX_effect_mobile&quot;:{&quot;unit&quot;:&quot;px&quot;,&quot;size&quot;:&quot;&quot;,&quot;sizes&quot;:[]},&quot;_transform_translateY_effect&quot;:{&quot;unit&quot;:&quot;px&quot;,&quot;size&quot;:&quot;&quot;,&quot;sizes&quot;:[]},&quot;_transform_translateY_effect_tablet&quot;:{&quot;unit&quot;:&quot;px&quot;,&quot;size&quot;:&quot;&quot;,&quot;sizes&quot;:[]},&quot;_transform_translateY_effect_mobile&quot;:{&quot;unit&quot;:&quot;px&quot;,&quot;size&quot;:&quot;&quot;,&quot;sizes&quot;:[]}}\">\n\t\t\t\t\t<div class=\"e-con-inner\">\n\t\t<div class=\"elementor-element elementor-element-4879e81 e-con-full e-flex elementor-invisible e-con e-child\" data-id=\"4879e81\" data-element_type=\"container\" data-e-type=\"container\" data-settings=\"{&quot;background_background&quot;:&quot;classic&quot;,&quot;animation&quot;:&quot;fadeInUp&quot;}\">\n\t\t\t\t<div class=\"elementor-element elementor-element-d5db345 elementor-widget__width-inherit elementor-position-top elementor-widget elementor-widget-image-box\" data-id=\"d5db345\" data-element_type=\"widget\" data-e-type=\"widget\" data-widget_type=\"image-box.default\">\n\t\t\t\t<div class=\"elementor-widget-container\">\n\t\t\t\t\t<div class=\"elementor-image-box-wrapper\"><figure class=\"elementor-image-box-img\"><a href=\"https:\/\/www.payet-industrie.re\/?page_id=87\" target=\"_blank\" tabindex=\"-1\"><img decoding=\"async\" width=\"225\" height=\"300\" src=\"https:\/\/www.payet-industrie.re\/wp-content\/uploads\/2024\/08\/VISUEL-LV-CITRON-5L-225x300.png\" class=\"attachment-medium size-medium wp-image-78\" alt=\"\" srcset=\"https:\/\/www.payet-industrie.re\/wp-content\/uploads\/2024\/08\/VISUEL-LV-CITRON-5L-225x300.png 225w, https:\/\/www.payet-industrie.re\/wp-content\/uploads\/2024\/08\/VISUEL-LV-CITRON-5L.png 422w\" sizes=\"(max-width: 225px) 100vw, 225px\" \/><\/a><\/figure><div class=\"elementor-image-box-content\"><h3 class=\"elementor-image-box-title\"><a href=\"https:\/\/www.payet-industrie.re\/?page_id=87\" target=\"_blank\">LIQUIDE VAISSELLE<\/a><\/h3><p class=\"elementor-image-box-description\">Notre liquide vaisselle GAYAR, disponible en 750ML, 2L et 5L vous offre l'efficacit\u00e9 \u00e0 petit prix. <\/p><\/div><\/div>\t\t\t\t<\/div>\n\t\t\t\t<\/div>\n\t\t\t\t<\/div>\n\t\t<div class=\"elementor-element elementor-element-f5f66c2 e-con-full e-flex elementor-invisible e-con e-child\" data-id=\"f5f66c2\" data-element_type=\"container\" data-e-type=\"container\" data-settings=\"{&quot;background_background&quot;:&quot;classic&quot;,&quot;animation&quot;:&quot;fadeInUp&quot;,&quot;animation_delay&quot;:200}\">\n\t\t\t\t<div class=\"elementor-element elementor-element-eef5870 elementor-widget__width-inherit elementor-position-top elementor-widget elementor-widget-image-box\" data-id=\"eef5870\" data-element_type=\"widget\" data-e-type=\"widget\" data-widget_type=\"image-box.default\">\n\t\t\t\t<div class=\"elementor-widget-container\">\n\t\t\t\t\t<div class=\"elementor-image-box-wrapper\"><figure class=\"elementor-image-box-img\"><a href=\"https:\/\/www.payet-industrie.re\/?page_id=89\" target=\"_blank\" tabindex=\"-1\"><img decoding=\"async\" width=\"204\" height=\"300\" src=\"https:\/\/www.payet-industrie.re\/wp-content\/uploads\/2024\/08\/GAYAR_OCEAN_LESSIVE-removebg-preview-204x300.png\" class=\"attachment-medium size-medium wp-image-79\" alt=\"\" srcset=\"https:\/\/www.payet-industrie.re\/wp-content\/uploads\/2024\/08\/GAYAR_OCEAN_LESSIVE-removebg-preview-204x300.png 204w, https:\/\/www.payet-industrie.re\/wp-content\/uploads\/2024\/08\/GAYAR_OCEAN_LESSIVE-removebg-preview.png 412w\" sizes=\"(max-width: 204px) 100vw, 204px\" \/><\/a><\/figure><div class=\"elementor-image-box-content\"><h3 class=\"elementor-image-box-title\"><a href=\"https:\/\/www.payet-industrie.re\/?page_id=89\" target=\"_blank\">LESSIVE LIQUIDE<\/a><\/h3><p class=\"elementor-image-box-description\">La lessive liquide GAYAR, disponible en 3L et 5L, garantie \u00e0 votre linge une propret\u00e9 impeccable  et une odeur agr\u00e9able pour le linge de toute la famille.<\/p><\/div><\/div>\t\t\t\t<\/div>\n\t\t\t\t<\/div>\n\t\t\t\t<\/div>\n\t\t\t\t\t<\/div>\n\t\t\t\t<\/div>\n\t\t\t\t<\/div>\n\t\t","protected":false},"excerpt":{"rendered":"<p>LIQUIDE VAISSELLE Notre liquide vaisselle GAYAR, disponible en 750ML, 2L et 5L vous offre l&rsquo;efficacit\u00e9 \u00e0 petit prix. LESSIVE LIQUIDE La lessive liquide GAYAR, disponible en 3L et 5L, garantie \u00e0 votre linge une propret\u00e9 impeccable et une odeur agr\u00e9able pour le linge de toute la famille.<\/p>\n","protected":false},"author":4,"featured_media":0,"parent":0,"menu_order":0,"comment_status":"closed","ping_status":"closed","template":"","meta":{"ocean_post_layout":"","ocean_both_sidebars_style":"","ocean_both_sidebars_content_width":0,"ocean_both_sidebars_sidebars_width":0,"ocean_sidebar":"","ocean_second_sidebar":"","ocean_disable_margins":"enable","ocean_add_body_class":"","ocean_shortcode_before_top_bar":"","ocean_shortcode_after_top_bar":"","ocean_shortcode_before_header":"","ocean_shortcode_after_header":"","ocean_has_shortcode":"","ocean_shortcode_after_title":"","ocean_shortcode_before_footer_widgets":"","ocean_shortcode_after_footer_widgets":"","ocean_shortcode_before_footer_bottom":"","ocean_shortcode_after_footer_bottom":"","ocean_display_top_bar":"default","ocean_display_header":"default","ocean_header_style":"","ocean_center_header_left_menu":"","ocean_custom_header_template":"","ocean_custom_logo":0,"ocean_custom_retina_logo":0,"ocean_custom_logo_max_width":0,"ocean_custom_logo_tablet_max_width":0,"ocean_custom_logo_mobile_max_width":0,"ocean_custom_logo_max_height":0,"ocean_custom_logo_tablet_max_height":0,"ocean_custom_logo_mobile_max_height":0,"ocean_header_custom_menu":"","ocean_menu_typo_font_family":"","ocean_menu_typo_font_subset":"","ocean_menu_typo_font_size":0,"ocean_menu_typo_font_size_tablet":0,"ocean_menu_typo_font_size_mobile":0,"ocean_menu_typo_font_size_unit":"px","ocean_menu_typo_font_weight":"","ocean_menu_typo_font_weight_tablet":"","ocean_menu_typo_font_weight_mobile":"","ocean_menu_typo_transform":"","ocean_menu_typo_transform_tablet":"","ocean_menu_typo_transform_mobile":"","ocean_menu_typo_line_height":0,"ocean_menu_typo_line_height_tablet":0,"ocean_menu_typo_line_height_mobile":0,"ocean_menu_typo_line_height_unit":"","ocean_menu_typo_spacing":0,"ocean_menu_typo_spacing_tablet":0,"ocean_menu_typo_spacing_mobile":0,"ocean_menu_typo_spacing_unit":"","ocean_menu_link_color":"","ocean_menu_link_color_hover":"","ocean_menu_link_color_active":"","ocean_menu_link_background":"","ocean_menu_link_hover_background":"","ocean_menu_link_active_background":"","ocean_menu_social_links_bg":"","ocean_menu_social_hover_links_bg":"","ocean_menu_social_links_color":"","ocean_menu_social_hover_links_color":"","ocean_disable_title":"on","ocean_disable_heading":"default","ocean_post_title":"","ocean_post_subheading":"","ocean_post_title_style":"","ocean_post_title_background_color":"","ocean_post_title_background":0,"ocean_post_title_bg_image_position":"","ocean_post_title_bg_image_attachment":"","ocean_post_title_bg_image_repeat":"","ocean_post_title_bg_image_size":"","ocean_post_title_height":0,"ocean_post_title_bg_overlay":0.5,"ocean_post_title_bg_overlay_color":"","ocean_disable_breadcrumbs":"default","ocean_breadcrumbs_color":"","ocean_breadcrumbs_separator_color":"","ocean_breadcrumbs_links_color":"","ocean_breadcrumbs_links_hover_color":"","ocean_display_footer_widgets":"default","ocean_display_footer_bottom":"default","ocean_custom_footer_template":"","footnotes":""},"class_list":["post-51","page","type-page","status-publish","hentry","entry"],"yoast_head":"<!-- This site is optimized with the Yoast SEO plugin v27.1.1 - https:\/\/yoast.com\/product\/yoast-seo-wordpress\/ -->\n<title>Accueil - PAYET INDUSTRIE<\/title>\n<meta name=\"robots\" content=\"index, follow, max-snippet:-1, max-image-preview:large, max-video-preview:-1\" \/>\n<link rel=\"canonical\" href=\"https:\/\/www.payet-industrie.re\/\" \/>\n<meta property=\"og:locale\" content=\"fr_FR\" \/>\n<meta property=\"og:type\" content=\"article\" \/>\n<meta property=\"og:title\" content=\"Accueil - PAYET INDUSTRIE\" \/>\n<meta property=\"og:description\" content=\"LIQUIDE VAISSELLE Notre liquide vaisselle GAYAR, disponible en 750ML, 2L et 5L vous offre l&rsquo;efficacit\u00e9 \u00e0 petit prix. LESSIVE LIQUIDE La lessive liquide GAYAR, disponible en 3L et 5L, garantie \u00e0 votre linge une propret\u00e9 impeccable et une odeur agr\u00e9able pour le linge de toute la famille.\" \/>\n<meta property=\"og:url\" content=\"https:\/\/www.payet-industrie.re\/\" \/>\n<meta property=\"og:site_name\" content=\"PAYET INDUSTRIE\" \/>\n<meta property=\"article:modified_time\" content=\"2026-02-24T13:37:14+00:00\" \/>\n<meta property=\"og:image\" content=\"https:\/\/www.payet-industrie.re\/wp-content\/uploads\/2026\/02\/Design-sans-titre.png\" \/>\n\t<meta property=\"og:image:width\" content=\"1366\" \/>\n\t<meta property=\"og:image:height\" content=\"768\" \/>\n\t<meta property=\"og:image:type\" content=\"image\/png\" \/>\n<meta name=\"twitter:card\" content=\"summary_large_image\" \/>\n<meta name=\"twitter:label1\" content=\"Dur\u00e9e de lecture estim\u00e9e\" \/>\n\t<meta name=\"twitter:data1\" content=\"1 minute\" \/>\n<script type=\"application\/ld+json\" class=\"yoast-schema-graph\">{\"@context\":\"https:\/\/schema.org\",\"@graph\":[{\"@type\":\"WebPage\",\"@id\":\"https:\/\/www.payet-industrie.re\/\",\"url\":\"https:\/\/www.payet-industrie.re\/\",\"name\":\"Accueil - PAYET INDUSTRIE\",\"isPartOf\":{\"@id\":\"https:\/\/www.payet-industrie.re\/#website\"},\"primaryImageOfPage\":{\"@id\":\"https:\/\/www.payet-industrie.re\/#primaryimage\"},\"image\":{\"@id\":\"https:\/\/www.payet-industrie.re\/#primaryimage\"},\"thumbnailUrl\":\"https:\/\/www.payet-industrie.re\/wp-content\/uploads\/2026\/02\/Design-sans-titre.png\",\"datePublished\":\"2024-08-06T06:09:50+00:00\",\"dateModified\":\"2026-02-24T13:37:14+00:00\",\"breadcrumb\":{\"@id\":\"https:\/\/www.payet-industrie.re\/#breadcrumb\"},\"inLanguage\":\"fr-FR\",\"potentialAction\":[{\"@type\":\"ReadAction\",\"target\":[\"https:\/\/www.payet-industrie.re\/\"]}]},{\"@type\":\"ImageObject\",\"inLanguage\":\"fr-FR\",\"@id\":\"https:\/\/www.payet-industrie.re\/#primaryimage\",\"url\":\"https:\/\/www.payet-industrie.re\/wp-content\/uploads\/2026\/02\/Design-sans-titre.png\",\"contentUrl\":\"https:\/\/www.payet-industrie.re\/wp-content\/uploads\/2026\/02\/Design-sans-titre.png\",\"width\":1366,\"height\":768},{\"@type\":\"BreadcrumbList\",\"@id\":\"https:\/\/www.payet-industrie.re\/#breadcrumb\",\"itemListElement\":[{\"@type\":\"ListItem\",\"position\":1,\"name\":\"Accueil\",\"item\":\"https:\/\/www.payet-industrie.re\/\"},{\"@type\":\"ListItem\",\"position\":2,\"name\":\"Accueil\"}]},{\"@type\":\"WebSite\",\"@id\":\"https:\/\/www.payet-industrie.re\/#website\",\"url\":\"https:\/\/www.payet-industrie.re\/\",\"name\":\"PAYET INDUSTRIE\",\"description\":\"GAYAR : Nout&#039; produits m\u00e9nagers\",\"publisher\":{\"@id\":\"https:\/\/www.payet-industrie.re\/#organization\"},\"potentialAction\":[{\"@type\":\"SearchAction\",\"target\":{\"@type\":\"EntryPoint\",\"urlTemplate\":\"https:\/\/www.payet-industrie.re\/?s={search_term_string}\"},\"query-input\":{\"@type\":\"PropertyValueSpecification\",\"valueRequired\":true,\"valueName\":\"search_term_string\"}}],\"inLanguage\":\"fr-FR\"},{\"@type\":\"Organization\",\"@id\":\"https:\/\/www.payet-industrie.re\/#organization\",\"name\":\"PAYET INDUSTRIE\",\"url\":\"https:\/\/www.payet-industrie.re\/\",\"logo\":{\"@type\":\"ImageObject\",\"inLanguage\":\"fr-FR\",\"@id\":\"https:\/\/www.payet-industrie.re\/#\/schema\/logo\/image\/\",\"url\":\"https:\/\/www.payet-industrie.re\/wp-content\/uploads\/2024\/08\/LOGO-PAYET-INDUSTRIE.jpg\",\"contentUrl\":\"https:\/\/www.payet-industrie.re\/wp-content\/uploads\/2024\/08\/LOGO-PAYET-INDUSTRIE.jpg\",\"width\":459,\"height\":170,\"caption\":\"PAYET INDUSTRIE\"},\"image\":{\"@id\":\"https:\/\/www.payet-industrie.re\/#\/schema\/logo\/image\/\"},\"sameAs\":[\"https:\/\/www.linkedin.com\/company\/sas-payet-import\"]}]}<\/script>\n<!-- \/ Yoast SEO plugin. -->","yoast_head_json":{"title":"Accueil - PAYET INDUSTRIE","robots":{"index":"index","follow":"follow","max-snippet":"max-snippet:-1","max-image-preview":"max-image-preview:large","max-video-preview":"max-video-preview:-1"},"canonical":"https:\/\/www.payet-industrie.re\/","og_locale":"fr_FR","og_type":"article","og_title":"Accueil - PAYET INDUSTRIE","og_description":"LIQUIDE VAISSELLE Notre liquide vaisselle GAYAR, disponible en 750ML, 2L et 5L vous offre l&rsquo;efficacit\u00e9 \u00e0 petit prix. LESSIVE LIQUIDE La lessive liquide GAYAR, disponible en 3L et 5L, garantie \u00e0 votre linge une propret\u00e9 impeccable et une odeur agr\u00e9able pour le linge de toute la famille.","og_url":"https:\/\/www.payet-industrie.re\/","og_site_name":"PAYET INDUSTRIE","article_modified_time":"2026-02-24T13:37:14+00:00","og_image":[{"width":1366,"height":768,"url":"https:\/\/www.payet-industrie.re\/wp-content\/uploads\/2026\/02\/Design-sans-titre.png","type":"image\/png"}],"twitter_card":"summary_large_image","twitter_misc":{"Dur\u00e9e de lecture estim\u00e9e":"1 minute"},"schema":{"@context":"https:\/\/schema.org","@graph":[{"@type":"WebPage","@id":"https:\/\/www.payet-industrie.re\/","url":"https:\/\/www.payet-industrie.re\/","name":"Accueil - PAYET INDUSTRIE","isPartOf":{"@id":"https:\/\/www.payet-industrie.re\/#website"},"primaryImageOfPage":{"@id":"https:\/\/www.payet-industrie.re\/#primaryimage"},"image":{"@id":"https:\/\/www.payet-industrie.re\/#primaryimage"},"thumbnailUrl":"https:\/\/www.payet-industrie.re\/wp-content\/uploads\/2026\/02\/Design-sans-titre.png","datePublished":"2024-08-06T06:09:50+00:00","dateModified":"2026-02-24T13:37:14+00:00","breadcrumb":{"@id":"https:\/\/www.payet-industrie.re\/#breadcrumb"},"inLanguage":"fr-FR","potentialAction":[{"@type":"ReadAction","target":["https:\/\/www.payet-industrie.re\/"]}]},{"@type":"ImageObject","inLanguage":"fr-FR","@id":"https:\/\/www.payet-industrie.re\/#primaryimage","url":"https:\/\/www.payet-industrie.re\/wp-content\/uploads\/2026\/02\/Design-sans-titre.png","contentUrl":"https:\/\/www.payet-industrie.re\/wp-content\/uploads\/2026\/02\/Design-sans-titre.png","width":1366,"height":768},{"@type":"BreadcrumbList","@id":"https:\/\/www.payet-industrie.re\/#breadcrumb","itemListElement":[{"@type":"ListItem","position":1,"name":"Accueil","item":"https:\/\/www.payet-industrie.re\/"},{"@type":"ListItem","position":2,"name":"Accueil"}]},{"@type":"WebSite","@id":"https:\/\/www.payet-industrie.re\/#website","url":"https:\/\/www.payet-industrie.re\/","name":"PAYET INDUSTRIE","description":"GAYAR : Nout&#039; produits m\u00e9nagers","publisher":{"@id":"https:\/\/www.payet-industrie.re\/#organization"},"potentialAction":[{"@type":"SearchAction","target":{"@type":"EntryPoint","urlTemplate":"https:\/\/www.payet-industrie.re\/?s={search_term_string}"},"query-input":{"@type":"PropertyValueSpecification","valueRequired":true,"valueName":"search_term_string"}}],"inLanguage":"fr-FR"},{"@type":"Organization","@id":"https:\/\/www.payet-industrie.re\/#organization","name":"PAYET INDUSTRIE","url":"https:\/\/www.payet-industrie.re\/","logo":{"@type":"ImageObject","inLanguage":"fr-FR","@id":"https:\/\/www.payet-industrie.re\/#\/schema\/logo\/image\/","url":"https:\/\/www.payet-industrie.re\/wp-content\/uploads\/2024\/08\/LOGO-PAYET-INDUSTRIE.jpg","contentUrl":"https:\/\/www.payet-industrie.re\/wp-content\/uploads\/2024\/08\/LOGO-PAYET-INDUSTRIE.jpg","width":459,"height":170,"caption":"PAYET INDUSTRIE"},"image":{"@id":"https:\/\/www.payet-industrie.re\/#\/schema\/logo\/image\/"},"sameAs":["https:\/\/www.linkedin.com\/company\/sas-payet-import"]}]}},"_links":{"self":[{"href":"https:\/\/www.payet-industrie.re\/index.php?rest_route=\/wp\/v2\/pages\/51","targetHints":{"allow":["GET"]}}],"collection":[{"href":"https:\/\/www.payet-industrie.re\/index.php?rest_route=\/wp\/v2\/pages"}],"about":[{"href":"https:\/\/www.payet-industrie.re\/index.php?rest_route=\/wp\/v2\/types\/page"}],"author":[{"embeddable":true,"href":"https:\/\/www.payet-industrie.re\/index.php?rest_route=\/wp\/v2\/users\/4"}],"replies":[{"embeddable":true,"href":"https:\/\/www.payet-industrie.re\/index.php?rest_route=%2Fwp%2Fv2%2Fcomments&post=51"}],"version-history":[{"count":22,"href":"https:\/\/www.payet-industrie.re\/index.php?rest_route=\/wp\/v2\/pages\/51\/revisions"}],"predecessor-version":[{"id":349,"href":"https:\/\/www.payet-industrie.re\/index.php?rest_route=\/wp\/v2\/pages\/51\/revisions\/349"}],"wp:attachment":[{"href":"https:\/\/www.payet-industrie.re\/index.php?rest_route=%2Fwp%2Fv2%2Fmedia&parent=51"}],"curies":[{"name":"wp","href":"https:\/\/api.w.org\/{rel}","templated":true}]}}